{"id":516,"date":"2024-05-14T16:31:35","date_gmt":"2024-05-14T16:31:35","guid":{"rendered":"https:\/\/staging-argentina.mapbiomas.org\/?page_id=516"},"modified":"2026-03-20T13:55:24","modified_gmt":"2026-03-20T13:55:24","slug":"codigos-de-la-leyenda","status":"publish","type":"page","link":"https:\/\/argentina.mapbiomas.org\/en\/codigos-de-la-leyenda\/","title":{"rendered":"Legend Codes"},"content":{"rendered":"<p>Legend codes for land cover and land use maps for each MapBiomas collection<\/p>\n\n\n\n<h2 class=\"wp-block-heading\">Collection 2<\/h2>\n\n\n\n<h4 class=\"wp-block-heading\">Land Cover and Land Use<\/h4>\n\n\n\n<ul>\n<li><a href=\"https:\/\/argentina.mapbiomas.org\/wp-content\/uploads\/sites\/12\/2025\/09\/Leyenda_Code.pdf\" data-type=\"URL\" data-id=\"https:\/\/argentina.mapbiomas.org\/wp-content\/uploads\/sites\/12\/2025\/09\/Leyenda_Code.pdf\" target=\"_blank\" rel=\"noreferrer noopener\">Legend Codes<\/a><\/li>\n\n\n\n<li><a href=\"http:\/\/argentina.mapbiomas.org\/wp-content\/uploads\/sites\/12\/2025\/09\/Leyenda-Descripcion-Ingles.pdf\" data-type=\"URL\" data-id=\"https:\/\/argentina.mapbiomas.org\/wp-content\/uploads\/sites\/12\/2025\/09\/Leyenda-Descripcion-Espanol.pdf\" target=\"_blank\" rel=\"noreferrer noopener\">Description of the legend<\/a><\/li>\n\n\n\n<li><a href=\"https:\/\/argentina.mapbiomas.org\/wp-content\/uploads\/sites\/12\/2026\/02\/ARG_col2.zip\" data-type=\"URL\" data-id=\"https:\/\/argentina.mapbiomas.org\/wp-content\/uploads\/sites\/12\/2025\/09\/ARG_Col2_QGIS_clr.zip\" target=\"_blank\" rel=\"noreferrer noopener\">QGIS Legend<\/a><\/li>\n\n\n\n<li><a href=\"https:\/\/argentina.mapbiomas.org\/wp-content\/uploads\/sites\/12\/2025\/09\/ARC_col2_clr.zip\" data-type=\"URL\" data-id=\"https:\/\/argentina.mapbiomas.org\/wp-content\/uploads\/sites\/12\/2025\/09\/ARC_col2_clr.zip\" target=\"_blank\" rel=\"noreferrer noopener\">ArcGIS Legend<\/a><\/li>\n<\/ul>\n\n\n\n<h4 class=\"wp-block-heading\">Transition maps<\/h4>\n\n\n\n<p>Transition maps have codes calculated by combining the codes of the first and second years, according to the following formula:<\/p>\n\n\n\n<p>(year1 x 100) + year2<\/p>\n\n\n\n<p><strong>Example:<\/strong><\/p>\n\n\n\n<p>303 = forest that remained forest<\/p>\n\n\n\n<p>315 = forest that became pasture<\/p>\n\n\n\n<p>1515 = pasture that is maintained as pasture<\/p>\n\n\n\n<h4 class=\"wp-block-heading\">Loss of vegetation and secondary vegetation<\/h4>\n\n\n\n<p>Permite descargar los mapas y estad\u00edsticas de deforestaci\u00f3n y regeneraci\u00f3n. El valor de cada&nbsp; p\u00edxel se calcula mediante la siguiente f\u00f3rmula:<\/p>\n\n\n\n<p>(\u201cDeforestation class\u201d) * 100 + (\u201cLand use class ID\u201d)<\/p>\n\n\n\n<p>&nbsp;This means:<\/p>\n\n\n\n<p>&nbsp;&nbsp;&nbsp;&nbsp;&nbsp;&nbsp;&nbsp;115 = anthropogenic in the grassland class<\/p>\n\n\n\n<p>&nbsp;&nbsp;&nbsp;&nbsp;&nbsp;&nbsp;&nbsp;203 = primary vegetation in the forest class<\/p>\n\n\n\n<p>&nbsp;&nbsp;&nbsp;&nbsp;&nbsp;&nbsp;&nbsp;212 = primary vegetation in the grassland formations class<\/p>\n\n\n\n<p>&nbsp;&nbsp;&nbsp;&nbsp;&nbsp;&nbsp;&nbsp;303 = secondary vegetation in the forest class<\/p>\n\n\n\n<p>&nbsp;&nbsp;&nbsp;&nbsp;&nbsp;&nbsp;&nbsp;404 = removal of primary vegetation from the savanna class<\/p>\n\n\n\n<p>&nbsp;&nbsp;&nbsp;&nbsp;&nbsp;&nbsp;&nbsp;503 = recovery to secondary vegetation in the forest class<\/p>\n\n\n\n<p>&nbsp;&nbsp;&nbsp;&nbsp;&nbsp;&nbsp;&nbsp;604 = removal of secondary vegetation in the savanna class<\/p>\n\n\n\n<p>&nbsp;&nbsp;&nbsp;&nbsp;&nbsp;&nbsp;&nbsp;703 = transition noise (all classes above 700 should be discarded)<\/p>\n\n\n\n<p>Deforestation classes: (1, 2, 3 and 4)<\/p>\n\n\n\n<p><\/p>\n\n\n\n<h2 class=\"wp-block-heading\">Collection 1<\/h2>\n\n\n\n<ul>\n<li>Legend Codes of <a href=\"http:\/\/argentina.mapbiomas.org\/wp-content\/uploads\/sites\/12\/2024\/05\/Legend-Code_Argentina-Col-1-2.pdf\">LAND COVER AND LAND USE<\/a><\/li>\n\n\n\n<li>Legend Codes of <a href=\"http:\/\/argentina.mapbiomas.org\/wp-content\/uploads\/sites\/12\/2024\/05\/Transitions_Legend-Code_Argentina-Col-1.pdf\">TRANSITIONS<\/a><\/li>\n\n\n\n<li><a href=\"http:\/\/argentina.mapbiomas.org\/wp-content\/uploads\/sites\/12\/2024\/05\/Descripcion-Leyenda-MapBiomas-Argentina-Col-1.pdf\">DESCRIPTION<\/a> de la leyenda<\/li>\n<\/ul>","protected":false},"excerpt":{"rendered":"<p>C\u00f3digos de leyenda de los mapas de cobertura y uso del suelo para cada colecci\u00f3n de MapBiomas Colecci\u00f3n 2 Cobertura y Uso del Suelo Mapas de transici\u00f3n Los mapas de transici\u00f3n tienen c\u00f3digos calculados con la uni\u00f3n del c\u00f3digo del primer y del segundo a\u00f1o, seg\u00fan la f\u00f3rmula siguiente: (a\u00f1o1 x 100) + a\u00f1o2 Ejemplo: [&hellip;]<\/p>","protected":false},"author":2,"featured_media":0,"parent":0,"menu_order":0,"comment_status":"closed","ping_status":"closed","template":"","meta":{"_uag_custom_page_level_css":""},"acf":[],"uagb_featured_image_src":{"full":false,"thumbnail":false,"medium":false,"medium_large":false,"large":false,"1536x1536":false,"2048x2048":false,"trp-custom-language-flag":false,"infographic":false,"team":false},"uagb_author_info":{"display_name":"Adriel Fernandes","author_link":"https:\/\/argentina.mapbiomas.org\/en\/author\/adriel-fernandes\/"},"uagb_comment_info":0,"uagb_excerpt":"C\u00f3digos de leyenda de los mapas de cobertura y uso del suelo para cada colecci\u00f3n de MapBiomas Colecci\u00f3n 2 Cobertura y Uso del Suelo Mapas de transici\u00f3n Los mapas de transici\u00f3n tienen c\u00f3digos calculados con la uni\u00f3n del c\u00f3digo del primer y del segundo a\u00f1o, seg\u00fan la f\u00f3rmula siguiente: (a\u00f1o1 x 100) + a\u00f1o2 Ejemplo:&hellip;","_links":{"self":[{"href":"https:\/\/argentina.mapbiomas.org\/en\/wp-json\/wp\/v2\/pages\/516"}],"collection":[{"href":"https:\/\/argentina.mapbiomas.org\/en\/wp-json\/wp\/v2\/pages"}],"about":[{"href":"https:\/\/argentina.mapbiomas.org\/en\/wp-json\/wp\/v2\/types\/page"}],"author":[{"embeddable":true,"href":"https:\/\/argentina.mapbiomas.org\/en\/wp-json\/wp\/v2\/users\/2"}],"replies":[{"embeddable":true,"href":"https:\/\/argentina.mapbiomas.org\/en\/wp-json\/wp\/v2\/comments?post=516"}],"version-history":[{"count":29,"href":"https:\/\/argentina.mapbiomas.org\/en\/wp-json\/wp\/v2\/pages\/516\/revisions"}],"predecessor-version":[{"id":1151,"href":"https:\/\/argentina.mapbiomas.org\/en\/wp-json\/wp\/v2\/pages\/516\/revisions\/1151"}],"wp:attachment":[{"href":"https:\/\/argentina.mapbiomas.org\/en\/wp-json\/wp\/v2\/media?parent=516"}],"curies":[{"name":"wp","href":"https:\/\/api.w.org\/{rel}","templated":true}]}}