{"id":444,"date":"2024-05-06T14:47:59","date_gmt":"2024-05-06T14:47:59","guid":{"rendered":"https:\/\/staging-argentina.mapbiomas.org\/?page_id=444"},"modified":"2026-02-10T14:22:22","modified_gmt":"2026-02-10T14:22:22","slug":"6o-edicion-del-premio-mapbiomas","status":"publish","type":"page","link":"https:\/\/argentina.mapbiomas.org\/en\/6o-edicion-del-premio-mapbiomas\/","title":{"rendered":"MapBiomas Award"},"content":{"rendered":"<p>The first edition of the MapBiomas Argentina Award will take place in 2026, so stay tuned.<\/p>\n\n\n\n<p>Consult the details of <a rel=\"noreferrer noopener\" href=\"https:\/\/brasil.mapbiomas.org\/en\/premio-mapbiomas\/\" data-type=\"URL\" data-id=\"https:\/\/brasil.mapbiomas.org\/en\/premio-mapbiomas\/\" target=\"_blank\">MapBiomas Brasil Award<\/a>l.<\/p>","protected":false},"excerpt":{"rendered":"<p>La primera edici\u00f3n del Premio MapBiomas Argentina tendr\u00e1 lugar en 2026, as\u00ed que mantente atento. Consulta los detalles del Premio MapBiomas Brasil.<\/p>","protected":false},"author":2,"featured_media":0,"parent":0,"menu_order":0,"comment_status":"closed","ping_status":"closed","template":"","meta":{"_uag_custom_page_level_css":""},"acf":[],"uagb_featured_image_src":{"full":false,"thumbnail":false,"medium":false,"medium_large":false,"large":false,"1536x1536":false,"2048x2048":false,"trp-custom-language-flag":false,"infographic":false,"team":false},"uagb_author_info":{"display_name":"Adriel Fernandes","author_link":"https:\/\/argentina.mapbiomas.org\/en\/author\/adriel-fernandes\/"},"uagb_comment_info":0,"uagb_excerpt":"La primera edici\u00f3n del Premio MapBiomas Argentina tendr\u00e1 lugar en 2026, as\u00ed que mantente atento. Consulta los detalles del Premio MapBiomas Brasil.","_links":{"self":[{"href":"https:\/\/argentina.mapbiomas.org\/en\/wp-json\/wp\/v2\/pages\/444"}],"collection":[{"href":"https:\/\/argentina.mapbiomas.org\/en\/wp-json\/wp\/v2\/pages"}],"about":[{"href":"https:\/\/argentina.mapbiomas.org\/en\/wp-json\/wp\/v2\/types\/page"}],"author":[{"embeddable":true,"href":"https:\/\/argentina.mapbiomas.org\/en\/wp-json\/wp\/v2\/users\/2"}],"replies":[{"embeddable":true,"href":"https:\/\/argentina.mapbiomas.org\/en\/wp-json\/wp\/v2\/comments?post=444"}],"version-history":[{"count":9,"href":"https:\/\/argentina.mapbiomas.org\/en\/wp-json\/wp\/v2\/pages\/444\/revisions"}],"predecessor-version":[{"id":1087,"href":"https:\/\/argentina.mapbiomas.org\/en\/wp-json\/wp\/v2\/pages\/444\/revisions\/1087"}],"wp:attachment":[{"href":"https:\/\/argentina.mapbiomas.org\/en\/wp-json\/wp\/v2\/media?parent=444"}],"curies":[{"name":"wp","href":"https:\/\/api.w.org\/{rel}","templated":true}]}}