{"id":38,"date":"2023-07-24T14:02:06","date_gmt":"2023-07-24T14:02:06","guid":{"rendered":"https:\/\/staging-argentina.mapbiomas.org\/?page_id=38"},"modified":"2026-02-10T13:51:41","modified_gmt":"2026-02-10T13:51:41","slug":"quienes-somos","status":"publish","type":"page","link":"https:\/\/argentina.mapbiomas.org\/en\/quienes-somos\/","title":{"rendered":"Who we are"},"content":{"rendered":"<p><strong>MapBiomas Argentina <\/strong>is a network of NGOs, universities, research institutes, and technology companies that works collaboratively and is constantly growing. The network is made up of specialists in remote sensing, ecology, geographic information systems, and programming from different ecoregions of the country, and they are focused on producing annual collections of maps of land cover and land use in Argentina since 1998.<\/p>\n\n\n\n<h4 class=\"wp-block-heading\"><strong>Co-creators:<\/strong><\/h4>\n\n\n\n<ul>\n<li>Fundaci\u00f3n Vida Silvestre Argentina<\/li>\n\n\n\n<li>Facultad de Agronom\u00eda &#8211; UBA (FAUBA)<\/li>\n\n\n\n<li>Instituto Nacional de Tecnolog\u00eda Agropecuaria (INTA)<\/li>\n\n\n\n<li>Facultad de Ciencias Forestales &#8211; UNaM (FCF)<\/li>\n\n\n\n<li>Instituto de Biolog\u00eda Subtropical-CONICET (IBS)<\/li>\n\n\n\n<li>Instituto de Investigaciones en Recursos Naturales, Agroecolog\u00eda y Desarrollo Rural -UNRN-CONICET (IRNAD)<\/li>\n\n\n\n<li>Universidad Nacional de Cuyo (UnCuyo)<\/li>\n\n\n\n<li>Ministerio de Desarrollo Econ\u00f3mico y Productivo (MINPRO)<\/li>\n\n\n\n<li>Grupo de Estudios Ambientales- Instituto de Matem\u00e1tica Aplicada de San Luis-CONICET (IMASL)<\/li>\n\n\n\n<li>Instituto de Investigaciones en Biodiversidad y Medioambiente-UNCo- CONICET (INIBIOMA)<\/li>\n\n\n\n<li>Instituto Argentino de Investigaciones de Zonas \u00c1ridas-CONICET (IADIZA)<\/li>\n\n\n\n<li>Centro de Investigaci\u00f3n y Extensi\u00f3n Forestal Andino Patag\u00f3nico &#8211;&nbsp; (CIEFAP)<\/li>\n\n\n\n<li>Instituto de Ciencias de la Tierra, Biodiversidad y Ambiente &#8211; UNRC-CONICET (ICBIA)<\/li>\n\n\n\n<li>Instituto de Investigaci\u00f3n para el Desarrollo Territorial y del H\u00e1bitat Humano &#8211; UNNE-CONICET (IIDTHH)<\/li>\n\n\n\n<li>Instituto de Investigaciones Fisiol\u00f3gicas y Ecol\u00f3gicas Vinculadas a la Agricultura &#8211; CONICET (IFEVA)<\/li>\n\n\n\n<li>Instituto de Geograf\u00eda, Historia y Ciencias Sociales-UNCPBA- CONICET (IGEHCS)<\/li>\n\n\n\n<li>Geosimple<\/li>\n\n\n\n<li>Natura Argentina<\/li>\n\n\n\n<li>Universidad Nacional del Centro de la Provincia de Buenos Aires (UNICEN)<\/li>\n\n\n\n<li>Universidad Nacional del Comahue Bariloche &#8211; CRUB (UNCO)<\/li>\n\n\n\n<li>Secretaria de Ambiente.Tierra del Fuego<\/li>\n\n\n\n<li>Laboratorio de An\u00e1lisis Regional y Teledetecci\u00f3n -CONICET-FAUBA (LART)<\/li>\n\n\n\n<li>Universidad Nacional de General Sarmiento (UNGS)<\/li>\n<\/ul>\n\n\n\n<h4 class=\"wp-block-heading\"><strong>Technical Partners<\/strong><\/h4>\n\n\n\n<ul>\n<li>ArcPlan<\/li>\n\n\n\n<li>Universidad de S\u00e3o Paulo<\/li>\n<\/ul>\n\n\n\n<h4 class=\"wp-block-heading\"><strong>Technological collaboration:<\/strong><\/h4>\n\n\n\n<ul>\n<li>Google<\/li>\n\n\n\n<li>Ecostage<\/li>\n\n\n\n<li>Ecode<\/li>\n\n\n\n<li>GeoDatin<\/li>\n\n\n\n<li>Remap<\/li>\n\n\n\n<li>Solved<\/li>\n<\/ul>\n\n\n\n<h4 class=\"wp-block-heading\"><strong>Institutional Support<\/strong><\/h4>\n\n\n\n<ul>\n<li>Fundaci\u00f3n AVINA<\/li>\n<\/ul>\n\n\n\n<h4 class=\"wp-block-heading\"><strong>Regional Coordination:<\/strong><\/h4>\n\n\n\n<ul>\n<li>Ana Eljall (FVS) \u2013 General Coordination MapBiomas Argentina<\/li>\n\n\n\n<li>Pablo Baldassini (FAUBA) \u2013 Bosque Atl\u00e1ntico<\/li>\n\n\n\n<li>Santiago Banchero and Santiago Ver\u00f3n (GeoSimple) \u2013 Chaco and Yungas<\/li>\n\n\n\n<li>Diego de Abelleyra (INTA) \u2013 Pampa<\/li>\n\n\n\n<li>Hern\u00e1n Dieguez (FAUBA) \u2013 Monte, Puna y Altos Andes<\/li>\n\n\n\n<li>Camilo Bagnato \u2013 Patagonia<\/li>\n\n\n\n<li>Natasha Picone and Santiago Linares (UNICEN)- Urban Areas<\/li>\n<\/ul>\n\n\n\n<h4 class=\"wp-block-heading\"><strong>Financing:<\/strong><\/h4>\n\n\n\n<ul>\n<li>WWF&nbsp;<\/li>\n\n\n\n<li>SKOLL<\/li>\n\n\n\n<li>MOORE<\/li>\n<\/ul>\n\n\n\n<p class=\" translation-block\">Click <a href=\"http:\/\/argentina.mapbiomas.org\/equipo\" target=\"_self\">here <\/a> to meet the individuals who are part of MapBiomas Argentina<\/p>","protected":false},"excerpt":{"rendered":"<p>MapBiomas Argentina es una red de ONGs, universidades e institutos de investigaci\u00f3n y empresas tecnol\u00f3gicas que trabaja de forma colaborativa y est\u00e1 en constante crecimiento. La red, est\u00e1 formada por especialistas en teledetecci\u00f3n, ecolog\u00eda, sistemas de informaci\u00f3n geogr\u00e1fica y programaci\u00f3n, de las distintas ecorregiones del pa\u00eds y est\u00e1n focalizados en producir colecciones de mapas anuales [&hellip;]<\/p>","protected":false},"author":2,"featured_media":0,"parent":0,"menu_order":0,"comment_status":"closed","ping_status":"closed","template":"","meta":{"_uag_custom_page_level_css":""},"acf":[],"uagb_featured_image_src":{"full":false,"thumbnail":false,"medium":false,"medium_large":false,"large":false,"1536x1536":false,"2048x2048":false,"trp-custom-language-flag":false,"infographic":false,"team":false},"uagb_author_info":{"display_name":"Adriel Fernandes","author_link":"https:\/\/argentina.mapbiomas.org\/en\/author\/adriel-fernandes\/"},"uagb_comment_info":0,"uagb_excerpt":"MapBiomas Argentina es una red de ONGs, universidades e institutos de investigaci\u00f3n y empresas tecnol\u00f3gicas que trabaja de forma colaborativa y est\u00e1 en constante crecimiento. La red, est\u00e1 formada por especialistas en teledetecci\u00f3n, ecolog\u00eda, sistemas de informaci\u00f3n geogr\u00e1fica y programaci\u00f3n, de las distintas ecorregiones del pa\u00eds y est\u00e1n focalizados en producir colecciones de mapas anuales&hellip;","_links":{"self":[{"href":"https:\/\/argentina.mapbiomas.org\/en\/wp-json\/wp\/v2\/pages\/38"}],"collection":[{"href":"https:\/\/argentina.mapbiomas.org\/en\/wp-json\/wp\/v2\/pages"}],"about":[{"href":"https:\/\/argentina.mapbiomas.org\/en\/wp-json\/wp\/v2\/types\/page"}],"author":[{"embeddable":true,"href":"https:\/\/argentina.mapbiomas.org\/en\/wp-json\/wp\/v2\/users\/2"}],"replies":[{"embeddable":true,"href":"https:\/\/argentina.mapbiomas.org\/en\/wp-json\/wp\/v2\/comments?post=38"}],"version-history":[{"count":11,"href":"https:\/\/argentina.mapbiomas.org\/en\/wp-json\/wp\/v2\/pages\/38\/revisions"}],"predecessor-version":[{"id":1082,"href":"https:\/\/argentina.mapbiomas.org\/en\/wp-json\/wp\/v2\/pages\/38\/revisions\/1082"}],"wp:attachment":[{"href":"https:\/\/argentina.mapbiomas.org\/en\/wp-json\/wp\/v2\/media?parent=38"}],"curies":[{"name":"wp","href":"https:\/\/api.w.org\/{rel}","templated":true}]}}