{"id":374,"date":"2024-05-02T20:32:11","date_gmt":"2024-05-02T20:32:11","guid":{"rendered":"https:\/\/staging-argentina.mapbiomas.org\/?page_id=374"},"modified":"2026-03-12T13:16:33","modified_gmt":"2026-03-12T13:16:33","slug":"analisis-de-precision","status":"publish","type":"page","link":"https:\/\/argentina.mapbiomas.org\/en\/analisis-de-precision\/","title":{"rendered":"Accuracy analysis"},"content":{"rendered":"<p>Precision analysis of <strong>MapBiomas Argentina<\/strong> Collection 1 is in development. At the moment, a partial evaluation has been carried out in the Pampa region for the years 1986, 2001 and 2018 (see page 24 of the <a href=\"https:\/\/pampa.mapbiomas.org\/wp-content\/uploads\/sites\/9\/2023\/11\/ATBD_v1_Collection-3_PampaTrinational.pdf\">ATBD<\/a>). and in the Chaco region 1985-2022 (see page 17 of the <a href=\"http:\/\/argentina.mapbiomas.org\/wp-content\/uploads\/sites\/12\/2024\/05\/ATBD_Collection_4_v1.pdf\">ATBD<\/a>)<\/p>\n\n\n\n\n\n\n\n\n<p><\/p>\n\n\n\n<p><strong>All information about validation can be found in the ATDB of each initiative.<\/strong><\/p>","protected":false},"excerpt":{"rendered":"<p>El an\u00e1lisis de precisi\u00f3n de la Colecci\u00f3n 1 de MapBiomas Argentina est\u00e1 en desarrollo. Por el momento se ha realizado una evaluaci\u00f3n parcial en la regi\u00f3n pampeana para los a\u00f1os 1986, 2001 y 2018 (consultar p\u00e1gina 24 del ATBD) y en la regi\u00f3n chaque\u00f1a 1985-2022 (consultar p\u00e1gina 17\u00a0 del ATBD) All information about validation can [&hellip;]<\/p>","protected":false},"author":2,"featured_media":0,"parent":0,"menu_order":0,"comment_status":"closed","ping_status":"closed","template":"","meta":{"_uag_custom_page_level_css":""},"acf":[],"uagb_featured_image_src":{"full":false,"thumbnail":false,"medium":false,"medium_large":false,"large":false,"1536x1536":false,"2048x2048":false,"trp-custom-language-flag":false,"infographic":false,"team":false},"uagb_author_info":{"display_name":"Adriel Fernandes","author_link":"https:\/\/argentina.mapbiomas.org\/en\/author\/adriel-fernandes\/"},"uagb_comment_info":0,"uagb_excerpt":"El an\u00e1lisis de precisi\u00f3n de la Colecci\u00f3n 1 de MapBiomas Argentina est\u00e1 en desarrollo. Por el momento se ha realizado una evaluaci\u00f3n parcial en la regi\u00f3n pampeana para los a\u00f1os 1986, 2001 y 2018 (consultar p\u00e1gina 24 del ATBD) y en la regi\u00f3n chaque\u00f1a 1985-2022 (consultar p\u00e1gina 17\u00a0 del ATBD) All information about validation can&hellip;","_links":{"self":[{"href":"https:\/\/argentina.mapbiomas.org\/en\/wp-json\/wp\/v2\/pages\/374"}],"collection":[{"href":"https:\/\/argentina.mapbiomas.org\/en\/wp-json\/wp\/v2\/pages"}],"about":[{"href":"https:\/\/argentina.mapbiomas.org\/en\/wp-json\/wp\/v2\/types\/page"}],"author":[{"embeddable":true,"href":"https:\/\/argentina.mapbiomas.org\/en\/wp-json\/wp\/v2\/users\/2"}],"replies":[{"embeddable":true,"href":"https:\/\/argentina.mapbiomas.org\/en\/wp-json\/wp\/v2\/comments?post=374"}],"version-history":[{"count":6,"href":"https:\/\/argentina.mapbiomas.org\/en\/wp-json\/wp\/v2\/pages\/374\/revisions"}],"predecessor-version":[{"id":1128,"href":"https:\/\/argentina.mapbiomas.org\/en\/wp-json\/wp\/v2\/pages\/374\/revisions\/1128"}],"wp:attachment":[{"href":"https:\/\/argentina.mapbiomas.org\/en\/wp-json\/wp\/v2\/media?parent=374"}],"curies":[{"name":"wp","href":"https:\/\/api.w.org\/{rel}","templated":true}]}}