{"id":368,"date":"2024-05-02T20:20:11","date_gmt":"2024-05-02T20:20:11","guid":{"rendered":"https:\/\/staging-argentina.mapbiomas.org\/?page_id=368"},"modified":"2024-05-02T20:20:51","modified_gmt":"2024-05-02T20:20:51","slug":"mapas-de-referencia","status":"publish","type":"page","link":"https:\/\/argentina.mapbiomas.org\/en\/mapas-de-referencia\/","title":{"rendered":"Reference Maps"},"content":{"rendered":"<p>Here you can find the maps used as reference by <strong>MapBiomas Argentina<\/strong> for training classification algorithms and validating the quality of the project's automatic classifications. These references come from various organizations and have varied temporal and geographical scales.<\/p>\n\n\n\n<p>Some of these maps are not yet publicly accessible as they are in the process of publication. When they become available, their corresponding link will be added to allow direct data download from the original source.<\/p>","protected":false},"excerpt":{"rendered":"<p>Aqu\u00ed pueden encontrarse los mapas utilizados como referencia por MapBiomas Argentina para realizar el entrenamiento de los algoritmos de clasificaci\u00f3n y para validar la calidad de las clasificaciones autom\u00e1ticas del proyecto. Estas referencias provienen de diversas organizaciones y poseen escalas temporales y geogr\u00e1ficas variadas. Algunos de estos mapas a\u00fan no cuentan con acceso p\u00fablico por [&hellip;]<\/p>","protected":false},"author":2,"featured_media":0,"parent":0,"menu_order":0,"comment_status":"closed","ping_status":"closed","template":"page_maps_and_references.php","meta":{"_uag_custom_page_level_css":""},"acf":[],"uagb_featured_image_src":{"full":false,"thumbnail":false,"medium":false,"medium_large":false,"large":false,"1536x1536":false,"2048x2048":false,"trp-custom-language-flag":false,"infographic":false,"team":false},"uagb_author_info":{"display_name":"Adriel Fernandes","author_link":"https:\/\/argentina.mapbiomas.org\/en\/author\/adriel-fernandes\/"},"uagb_comment_info":0,"uagb_excerpt":"Aqu\u00ed pueden encontrarse los mapas utilizados como referencia por MapBiomas Argentina para realizar el entrenamiento de los algoritmos de clasificaci\u00f3n y para validar la calidad de las clasificaciones autom\u00e1ticas del proyecto. Estas referencias provienen de diversas organizaciones y poseen escalas temporales y geogr\u00e1ficas variadas. Algunos de estos mapas a\u00fan no cuentan con acceso p\u00fablico por&hellip;","_links":{"self":[{"href":"https:\/\/argentina.mapbiomas.org\/en\/wp-json\/wp\/v2\/pages\/368"}],"collection":[{"href":"https:\/\/argentina.mapbiomas.org\/en\/wp-json\/wp\/v2\/pages"}],"about":[{"href":"https:\/\/argentina.mapbiomas.org\/en\/wp-json\/wp\/v2\/types\/page"}],"author":[{"embeddable":true,"href":"https:\/\/argentina.mapbiomas.org\/en\/wp-json\/wp\/v2\/users\/2"}],"replies":[{"embeddable":true,"href":"https:\/\/argentina.mapbiomas.org\/en\/wp-json\/wp\/v2\/comments?post=368"}],"version-history":[{"count":3,"href":"https:\/\/argentina.mapbiomas.org\/en\/wp-json\/wp\/v2\/pages\/368\/revisions"}],"predecessor-version":[{"id":1152,"href":"https:\/\/argentina.mapbiomas.org\/en\/wp-json\/wp\/v2\/pages\/368\/revisions\/1152"}],"wp:attachment":[{"href":"https:\/\/argentina.mapbiomas.org\/en\/wp-json\/wp\/v2\/media?parent=368"}],"curies":[{"name":"wp","href":"https:\/\/api.w.org\/{rel}","templated":true}]}}