{"id":366,"date":"2024-05-02T20:17:58","date_gmt":"2024-05-02T20:17:58","guid":{"rendered":"https:\/\/staging-argentina.mapbiomas.org\/?page_id=366"},"modified":"2026-02-10T19:46:20","modified_gmt":"2026-02-10T19:46:20","slug":"mosaicos-landsat","status":"publish","type":"page","link":"https:\/\/argentina.mapbiomas.org\/en\/mosaicos-landsat\/","title":{"rendered":"Landsat Mosaics"},"content":{"rendered":"<p>The land cover and land use classifications in the MapBiomas collection are based on mosaics generated from Landsat images. A specific mosaic has been created for each of the years evaluated (1985-2024). Each mosaic is generated from a spatial integration of the different Landsat scenes present and a temporal integration of the scenes obtained in each period, performed pixel by pixel. These temporal intervals were defined, in each region, based on the ability to discriminate the main classes of the map to improve the classification results.<\/p>\n\n\n\n<p>The mosaics of MapBiomas Argentina Collection 2 can be accessed directly from Google Earth Engine by working region or  the entire country: <strong>Colecci\u00f3n 2 de MapBiomas Argentina <\/strong>directamente desde Google Earth Engine por regi\u00f3n de trabajo o\u00a0 la totalidad de pais:<\/p>\n\n\n\n<ol>\n<li><strong>Argentina: <\/strong>Public Asset Mosaics<\/li>\n<\/ol>\n\n\n\n<p><strong>Atlantic Forest<\/strong> projects\/nexgenmap\/MapBiomas2\/LANDSAT\/ATLANTICFOREST\/mosaics<\/p>\n\n\n\n<p><strong>Chaco:<\/strong> projects\/nexgenmap\/MapBiomas2\/LANDSAT\/CHACO\/mosaics<\/p>\n\n\n\n<p><strong>Pampa:<\/strong> projects\/nexgenmap\/MapBiomas2\/LANDSAT\/PAMPA\/mosaics<\/p>\n\n\n\n<p><strong>Monte, Puna y Altos Andes + Patagonia:&nbsp;<\/strong>projects\/nexgenmap\/MapBiomas2\/LANDSAT\/ARGENTINA\/mosaics-1<\/p>\n\n\n\n<ol start=\"2\">\n<li>Download data by different territories using the <a href=\"https:\/\/code.earthengine.google.com\/?scriptPath=users%2Fmapbiomas%2Fuser-toolkit%3Amapbiomas-user-toolkit-lulc.js\"><strong>Toolkit<\/strong><\/a><strong> <\/strong>of LULC, Transitions and Mosaic Quality prepared in Google Earth Engine (GEE).&nbsp;<\/li>\n<\/ol>\n\n\n\n<p>*To use this tool, you need to have an account for <a href=\"https:\/\/earthengine.google.com\/\">Google Earth Engine<\/a> (free).<\/p>\n\n\n\n<p>Mosaic Quality: The pixel value can range from 0 to 23 depending on the number of cloud-free images available for that year.<\/p>","protected":false},"excerpt":{"rendered":"<p>Las clasificaciones de cobertura y uso del suelo de la colecci\u00f3n MapBiomas se basan en mosaicos generados a partir de im\u00e1genes Landsat. Para cada uno de los a\u00f1os evaluados, se ha creado un mosaico espec\u00edfico (1985-2024). Cada mosaico es generado a partir de una integraci\u00f3n espacial de las distintas escenas Landsat presentes y una integraci\u00f3n [&hellip;]<\/p>","protected":false},"author":2,"featured_media":0,"parent":0,"menu_order":0,"comment_status":"closed","ping_status":"closed","template":"","meta":{"_uag_custom_page_level_css":""},"acf":[],"uagb_featured_image_src":{"full":false,"thumbnail":false,"medium":false,"medium_large":false,"large":false,"1536x1536":false,"2048x2048":false,"trp-custom-language-flag":false,"infographic":false,"team":false},"uagb_author_info":{"display_name":"Adriel Fernandes","author_link":"https:\/\/argentina.mapbiomas.org\/en\/author\/adriel-fernandes\/"},"uagb_comment_info":0,"uagb_excerpt":"Las clasificaciones de cobertura y uso del suelo de la colecci\u00f3n MapBiomas se basan en mosaicos generados a partir de im\u00e1genes Landsat. Para cada uno de los a\u00f1os evaluados, se ha creado un mosaico espec\u00edfico (1985-2024). Cada mosaico es generado a partir de una integraci\u00f3n espacial de las distintas escenas Landsat presentes y una integraci\u00f3n&hellip;","_links":{"self":[{"href":"https:\/\/argentina.mapbiomas.org\/en\/wp-json\/wp\/v2\/pages\/366"}],"collection":[{"href":"https:\/\/argentina.mapbiomas.org\/en\/wp-json\/wp\/v2\/pages"}],"about":[{"href":"https:\/\/argentina.mapbiomas.org\/en\/wp-json\/wp\/v2\/types\/page"}],"author":[{"embeddable":true,"href":"https:\/\/argentina.mapbiomas.org\/en\/wp-json\/wp\/v2\/users\/2"}],"replies":[{"embeddable":true,"href":"https:\/\/argentina.mapbiomas.org\/en\/wp-json\/wp\/v2\/comments?post=366"}],"version-history":[{"count":8,"href":"https:\/\/argentina.mapbiomas.org\/en\/wp-json\/wp\/v2\/pages\/366\/revisions"}],"predecessor-version":[{"id":1096,"href":"https:\/\/argentina.mapbiomas.org\/en\/wp-json\/wp\/v2\/pages\/366\/revisions\/1096"}],"wp:attachment":[{"href":"https:\/\/argentina.mapbiomas.org\/en\/wp-json\/wp\/v2\/media?parent=366"}],"curies":[{"name":"wp","href":"https:\/\/api.w.org\/{rel}","templated":true}]}}