{"id":361,"date":"2024-05-02T20:14:48","date_gmt":"2024-05-02T20:14:48","guid":{"rendered":"https:\/\/staging-argentina.mapbiomas.org\/?page_id=361"},"modified":"2024-05-21T12:18:11","modified_gmt":"2024-05-21T12:18:11","slug":"infografias","status":"publish","type":"page","link":"https:\/\/argentina.mapbiomas.org\/en\/infografias\/","title":{"rendered":"Infographics"},"content":{"rendered":"<p>Here you can download the infographic of land use and land cover of <strong>MapBiomas Argentina<\/strong> Collection 1.<\/p>\n\n\n\n<figure class=\"wp-block-image size-large\"><a href=\"http:\/\/argentina.mapbiomas.org\/wp-content\/uploads\/sites\/12\/2024\/05\/MBI-Infografico-argentina-1.0-EN-scaled.jpg\" target=\"_blank\" rel=\"noreferrer noopener\"><img decoding=\"async\" src=\"http:\/\/argentina.mapbiomas.org\/wp-content\/uploads\/sites\/12\/2024\/05\/MBI-Infografico-argentina-1.0-EN-scaled.jpg\" alt=\"\"\/><\/a><\/figure>","protected":false},"excerpt":{"rendered":"<p>Aqu\u00ed puede descargar el infogr\u00e1fico sobre la cobertura y uso del suelo de MapBiomas Argentina Colecci\u00f3n 1.<\/p>","protected":false},"author":2,"featured_media":0,"parent":0,"menu_order":0,"comment_status":"closed","ping_status":"closed","template":"","meta":{"_uag_custom_page_level_css":""},"acf":[],"uagb_featured_image_src":{"full":false,"thumbnail":false,"medium":false,"medium_large":false,"large":false,"1536x1536":false,"2048x2048":false,"trp-custom-language-flag":false,"infographic":false,"team":false},"uagb_author_info":{"display_name":"Adriel Fernandes","author_link":"https:\/\/argentina.mapbiomas.org\/en\/author\/adriel-fernandes\/"},"uagb_comment_info":0,"uagb_excerpt":"Aqu\u00ed puede descargar el infogr\u00e1fico sobre la cobertura y uso del suelo de MapBiomas Argentina Colecci\u00f3n 1.","_links":{"self":[{"href":"https:\/\/argentina.mapbiomas.org\/en\/wp-json\/wp\/v2\/pages\/361"}],"collection":[{"href":"https:\/\/argentina.mapbiomas.org\/en\/wp-json\/wp\/v2\/pages"}],"about":[{"href":"https:\/\/argentina.mapbiomas.org\/en\/wp-json\/wp\/v2\/types\/page"}],"author":[{"embeddable":true,"href":"https:\/\/argentina.mapbiomas.org\/en\/wp-json\/wp\/v2\/users\/2"}],"replies":[{"embeddable":true,"href":"https:\/\/argentina.mapbiomas.org\/en\/wp-json\/wp\/v2\/comments?post=361"}],"version-history":[{"count":4,"href":"https:\/\/argentina.mapbiomas.org\/en\/wp-json\/wp\/v2\/pages\/361\/revisions"}],"predecessor-version":[{"id":641,"href":"https:\/\/argentina.mapbiomas.org\/en\/wp-json\/wp\/v2\/pages\/361\/revisions\/641"}],"wp:attachment":[{"href":"https:\/\/argentina.mapbiomas.org\/en\/wp-json\/wp\/v2\/media?parent=361"}],"curies":[{"name":"wp","href":"https:\/\/api.w.org\/{rel}","templated":true}]}}