{"id":358,"date":"2024-05-02T20:12:24","date_gmt":"2024-05-02T20:12:24","guid":{"rendered":"https:\/\/staging-argentina.mapbiomas.org\/?page_id=358"},"modified":"2026-02-10T12:42:12","modified_gmt":"2026-02-10T12:42:12","slug":"destacados","status":"publish","type":"page","link":"https:\/\/argentina.mapbiomas.org\/en\/destacados\/","title":{"rendered":"Highlights"},"content":{"rendered":"<p>Here you can download the main data and results of land coverage and use of <strong>MapBiomas Argentina<\/strong> Collection 2.<\/p>\n\n\n\n<figure class=\"wp-block-image size-large is-resized\"><a href=\"http:\/\/argentina.mapbiomas.org\/wp-content\/uploads\/sites\/12\/2026\/02\/Mapbiomas_Coleccion-2_factsheet-Final.pdf\" target=\"_blank\" rel=\"noreferrer noopener\"><img decoding=\"async\" loading=\"lazy\" src=\"https:\/\/argentina.mapbiomas.org\/wp-content\/uploads\/sites\/12\/2026\/02\/Screenshot-from-2026-02-10-09-39-22-1024x550.png\" alt=\"\" class=\"wp-image-1071\" width=\"947\" height=\"509\" srcset=\"https:\/\/argentina.mapbiomas.org\/wp-content\/uploads\/sites\/12\/2026\/02\/Screenshot-from-2026-02-10-09-39-22-1024x550.png 1024w, https:\/\/argentina.mapbiomas.org\/wp-content\/uploads\/sites\/12\/2026\/02\/Screenshot-from-2026-02-10-09-39-22-300x161.png 300w, https:\/\/argentina.mapbiomas.org\/wp-content\/uploads\/sites\/12\/2026\/02\/Screenshot-from-2026-02-10-09-39-22-768x412.png 768w, https:\/\/argentina.mapbiomas.org\/wp-content\/uploads\/sites\/12\/2026\/02\/Screenshot-from-2026-02-10-09-39-22-1536x825.png 1536w, https:\/\/argentina.mapbiomas.org\/wp-content\/uploads\/sites\/12\/2026\/02\/Screenshot-from-2026-02-10-09-39-22-18x10.png 18w, https:\/\/argentina.mapbiomas.org\/wp-content\/uploads\/sites\/12\/2026\/02\/Screenshot-from-2026-02-10-09-39-22.png 1600w\" sizes=\"(max-width: 947px) 100vw, 947px\" \/><\/a><\/figure>\n\n\n\n<p>Here you can download the main data and results of land coverage and use of <strong>MapBiomas Argentina<\/strong> Collection 1.<\/p>\n\n\n\n<figure class=\"wp-block-image size-large\"><a href=\"http:\/\/argentina.mapbiomas.org\/wp-content\/uploads\/sites\/12\/2024\/05\/Factsheet_Argentina_21.05.pdf\" target=\"_blank\" rel=\"noreferrer noopener\"><img decoding=\"async\" src=\"http:\/\/argentina.mapbiomas.org\/wp-content\/uploads\/sites\/12\/2024\/05\/Infografico-2.png\" alt=\"\" \/><\/a><\/figure>","protected":false},"excerpt":{"rendered":"<p>Aqu\u00ed puede descargar los principales datos y resultados sobre la cobertura y uso del suelo de MapBiomas Argentina Colecci\u00f3n 2. Aqu\u00ed puede descargar los principales datos y resultados sobre la cobertura y uso del suelo de MapBiomas Argentina Colecci\u00f3n 1.<\/p>","protected":false},"author":2,"featured_media":0,"parent":0,"menu_order":0,"comment_status":"closed","ping_status":"closed","template":"","meta":{"_uag_custom_page_level_css":""},"acf":[],"uagb_featured_image_src":{"full":false,"thumbnail":false,"medium":false,"medium_large":false,"large":false,"1536x1536":false,"2048x2048":false,"trp-custom-language-flag":false,"infographic":false,"team":false},"uagb_author_info":{"display_name":"Adriel Fernandes","author_link":"https:\/\/argentina.mapbiomas.org\/en\/author\/adriel-fernandes\/"},"uagb_comment_info":0,"uagb_excerpt":"Aqu\u00ed puede descargar los principales datos y resultados sobre la cobertura y uso del suelo de MapBiomas Argentina Colecci\u00f3n 2. Aqu\u00ed puede descargar los principales datos y resultados sobre la cobertura y uso del suelo de MapBiomas Argentina Colecci\u00f3n 1.","_links":{"self":[{"href":"https:\/\/argentina.mapbiomas.org\/en\/wp-json\/wp\/v2\/pages\/358"}],"collection":[{"href":"https:\/\/argentina.mapbiomas.org\/en\/wp-json\/wp\/v2\/pages"}],"about":[{"href":"https:\/\/argentina.mapbiomas.org\/en\/wp-json\/wp\/v2\/types\/page"}],"author":[{"embeddable":true,"href":"https:\/\/argentina.mapbiomas.org\/en\/wp-json\/wp\/v2\/users\/2"}],"replies":[{"embeddable":true,"href":"https:\/\/argentina.mapbiomas.org\/en\/wp-json\/wp\/v2\/comments?post=358"}],"version-history":[{"count":7,"href":"https:\/\/argentina.mapbiomas.org\/en\/wp-json\/wp\/v2\/pages\/358\/revisions"}],"predecessor-version":[{"id":1072,"href":"https:\/\/argentina.mapbiomas.org\/en\/wp-json\/wp\/v2\/pages\/358\/revisions\/1072"}],"wp:attachment":[{"href":"https:\/\/argentina.mapbiomas.org\/en\/wp-json\/wp\/v2\/media?parent=358"}],"curies":[{"name":"wp","href":"https:\/\/api.w.org\/{rel}","templated":true}]}}