{"id":351,"date":"2024-05-02T20:01:06","date_gmt":"2024-05-02T20:01:06","guid":{"rendered":"https:\/\/staging-argentina.mapbiomas.org\/?page_id=351"},"modified":"2026-03-12T13:01:39","modified_gmt":"2026-03-12T13:01:39","slug":"mapas-de-la-coleccion","status":"publish","type":"page","link":"https:\/\/argentina.mapbiomas.org\/en\/mapas-de-la-coleccion\/","title":{"rendered":"Collection Maps"},"content":{"rendered":"<p>MapBiomas Argentina's annual map collections are a historical series covering the entire Argentine territory. MapBiomas Argentina Collection 2 contains annual data for the period 1985-2024. Each year, the data is reprocessed, extending both the period and the number of mapped classes. <\/p>\n\n\n\n<p>The maps can be consulted in four ways:<\/p>\n\n\n\n<div><div class=\"wp-block-aab-accordion-block aab__accordion_container separate-accordion  no-pro-plan has-border-color\" style=\"border-color:#CFCABE;border-style:dash;border-width:1px;border-radius:3px\"><div class=\"aab__accordion_head aab_right_icon\" data-active=\"false\" style=\"color:#333333;background-color:transparent\"><div class=\"aab__accordion_heading aab_right_icon aab_right_link\"><p class=\"aab__accordion_title\" style=\"margin:0;color:#333333\">1. Online navigation and data download using the platform:<\/p><\/div><div class=\"aab__accordion_icon\" style=\"color:#333333;background-color:transparent\"><span class=\"aab__icon dashicons dashicons-arrow-down-alt2\" style=\"font-size:25px\"><\/span><\/div><\/div><div class=\"aab__accordion_body\" role=\"region\" style=\"background-color:transparent\"><div>\n<p>Es posible descargar los datos sobre la cobertura y el uso del suelo para diferentes recortes territoriales. Consulte la secci\u00f3n \u00abCrear an\u00e1lisis\u00bb para crear an\u00e1lisis personalizados y descargar datos. Consulte las instrucciones sobre c\u00f3mo descargar los <a href=\"http:\/\/argentina.mapbiomas.org\/wp-content\/uploads\/sites\/12\/2025\/10\/how_to_download_maps_MapBiomas_platform_ES_EN_PT_v4.pdf\">mapas<\/a> y <a href=\"http:\/\/argentina.mapbiomas.org\/wp-content\/uploads\/sites\/12\/2025\/10\/How_to_download_statistics_from_MapBiomas_platform_v3_EN_PT_ES.pdf\">estad\u00edsticas<\/a> a trav\u00e9s de la plataforma<\/p>\n\n\n\n<p><a href=\"https:\/\/plataforma.argentina.mapbiomas.org\">https:\/\/plataforma.argentina.mapbiomas.org<\/a><\/p>\n<\/div><\/div><\/div><\/div>\n\n\n\n<div><div class=\"wp-block-aab-accordion-block aab__accordion_container separate-accordion  no-pro-plan has-border-color\" style=\"border-color:#CFCABE;border-style:dash;border-width:1px;border-radius:3px\"><div class=\"aab__accordion_head aab_right_icon\" data-active=\"false\" style=\"color:#333333;background-color:transparent\"><div class=\"aab__accordion_heading aab_right_icon aab_right_link\"><p class=\"aab__accordion_title\" style=\"margin:0;color:#333333\">2. Download by state, biome, municipality, or other geometry using the Toolkits in Google Earth Engine (GEE):<\/p><\/div><div class=\"aab__accordion_icon\" style=\"color:#333333;background-color:transparent\"><span class=\"aab__icon dashicons dashicons-arrow-down-alt2\" style=\"font-size:25px\"><\/span><\/div><\/div><div class=\"aab__accordion_body\" role=\"region\" style=\"background-color:transparent\"><div>\n<p>This tool has the advantage of exporting both the map and area statistics for the selected geometries and periods.<\/p>\n\n\n\n<p><a href=\"https:\/\/code.earthengine.google.com\/?accept_repo=users%2Fmapbiomas%2Fuser-toolkit&amp;scriptPath=users%2Fmapbiomas%2Fuser-toolkit%3Amapbiomas-user-toolkit-lulc.js\" target=\"_blank\" rel=\"noreferrer noopener\">Access the Toolkit<\/a><\/p>\n\n\n\n<p>*To use this tool, you need to have an account for <a href=\"https:\/\/earthengine.google.com\/\" target=\"_blank\" rel=\"noreferrer noopener\">Google Earth Engine<\/a> (free).<\/p>\n<\/div><\/div><\/div><\/div>\n\n\n\n<div><div class=\"wp-block-aab-accordion-block aab__accordion_container separate-accordion  no-pro-plan has-border-color\" style=\"border-color:#CFCABE;border-style:dash;border-width:1px;border-radius:3px\"><div class=\"aab__accordion_head aab_right_icon\" data-active=\"false\" style=\"color:#333333;background-color:transparent\"><div class=\"aab__accordion_heading aab_right_icon aab_right_link\"><p class=\"aab__accordion_title\" style=\"margin:0;color:#333333\">3. Access the data asset in Google Earth Engine:<\/p><\/div><div class=\"aab__accordion_icon\" style=\"color:#333333;background-color:transparent\"><span class=\"aab__icon dashicons dashicons-arrow-down-alt2\" style=\"font-size:25px\"><\/span><\/div><\/div><div class=\"aab__accordion_body\" role=\"region\" style=\"background-color:transparent\"><div>\n<p>A &#8211; Cobertura y uso del suelo para todo el pa\u00eds  <\/p>\n\n\n\n<p>For 2024 <a href=\"https:\/\/storage.googleapis.com\/mapbiomas-public\/initiatives\/argentina\/collection-2\/coverage\/argentina_coverage_2024.tif\" target=\"_blank\" rel=\"noreferrer noopener\">https:\/\/storage.googleapis.com\/mapbiomas-public\/initiatives\/argentina\/collection-2\/coverage\/argentina_coverage_2024.tif<\/a><\/p>\n\n\n\n<p><em>For other years, simply change the final year in the link. Available from 1985 to 2024.<\/em> <\/p>\n\n\n\n<p>&#8211; Asset: projects\/mapbiomas-public\/assets\/argentina\/lulc\/collection2\/mapbiomas_argentina_collection2_integration_v3<\/p>\n\n\n\n<p>B - Transitions:<\/p>\n\n\n\n<p>C - Deforestation:<\/p>\n\n\n\n<p>&#8211; Asset: projects\/mapbiomas-public\/assets\/argentina\/lulc\/collection2\/mapbiomas_argentina_collection2_deforestation_secondary_vegetation_v1<\/p>\n\n\n\n<p>D - Secondary vegetation:<\/p>\n\n\n\n<p>E - Regional assets:<\/p>\n\n\n\n<p>Puna, Mountains, and the High Andes:<\/p>\n\n\n\n<p>&#8211; Visualizador: <a href=\"https:\/\/mapbiomas-argentina.projects.earthengine.app\/view\/mapbiomas-monte-puna-y-altos-andes---coleccin-2\" target=\"_blank\" rel=\"noreferrer noopener\">https:\/\/mapbiomas-argentina.projects.earthengine.app\/view\/mapbiomas-monte-puna-y-altos-andes&#8212;coleccin-2<\/a><\/p>\n\n\n\n<p>&#8211; Asset: projects\/mapbiomas-argentina\/assets\/LAND-COVER\/COLLECTION-2\/GENERAL\/CLASSIFICATION\/FINAL_CLASSIFICATION\/CUYO\/CUYO-FINAL-v1<\/p>\n\n\n\n<p>Patagonia:<\/p>\n\n\n\n<p>&#8211; Visualizador: <a href=\"https:\/\/mapbiomas-argentina.projects.earthengine.app\/view\/mapbiomas-patagonia---coleccin-2\" target=\"_blank\" rel=\"noreferrer noopener\">https:\/\/mapbiomas-argentina.projects.earthengine.app\/view\/mapbiomas-patagonia&#8212;coleccin-2<\/a><\/p>\n\n\n\n<p>&#8211; Asset: projects\/mapbiomas-argentina\/assets\/LAND-COVER\/COLLECTION-2\/GENERAL\/CLASSIFICATION\/FINAL_CLASSIFICATION\/PAT\/PAT-INTEGRACION-FINAL-v4<\/p>\n\n\n\n<p>Chaco:<\/p>\n\n\n\n<p>&#8211; Asset: projects\/mapbiomas-argentina\/assets\/LAND-COVER\/COLLECTION-2\/GENERAL\/CLASSIFICATION\/FINAL_CLASSIFICATION\/CHACO\/CHACO-FINAL-v1<\/p>\n\n\n\n<p>Atlantic Forest<\/p>\n\n\n\n<p>&#8211; Asset: projects\/mapbiomas-argentina\/assets\/LAND-COVER\/COLLECTION-2\/GENERAL\/CLASSIFICATION\/FINAL_CLASSIFICATION\/BA\/MATAATLANTICA-1<\/p>\n\n\n\n<p>Pampas<\/p>\n\n\n\n<p>&#8211; Asset: projects\/mapbiomas-argentina\/assets\/LAND-COVER\/COLLECTION-2\/GENERAL\/CLASSIFICATION\/FINAL_CLASSIFICATION\/PAMPA\/MB_Pampa_C2-ARG_bosque_arbustal_6-temPas2-1985-2024<\/p>\n\n\n\n<p>Pod\u00e9s consultar los c\u00f3digos y descripciones de la leyenda en: <a href=\"https:\/\/argentina.mapbiomas.org\/en\/codigos-de-la-leyenda\/\">argentina.mapbiomas.org\/codigos-de-la-leyenda\/<\/a><\/p>\n<\/div><\/div><\/div><\/div>\n\n\n\n<div><div class=\"wp-block-aab-accordion-block aab__accordion_container separate-accordion  no-pro-plan has-border-color\" style=\"border-color:#CFCABE;border-style:dash;border-width:1px;border-radius:3px\"><div class=\"aab__accordion_head aab_right_icon\" data-active=\"false\" style=\"color:#333333;background-color:transparent\"><div class=\"aab__accordion_heading aab_right_icon aab_right_link\"><p class=\"aab__accordion_title\" style=\"margin:0;color:#333333\">4. Download the entire map of Argentina in GeoTiff format (one map per year):<\/p><\/div><div class=\"aab__accordion_icon\" style=\"color:#333333;background-color:transparent\"><span class=\"aab__icon dashicons dashicons-arrow-down-alt2\" style=\"font-size:25px\"><\/span><\/div><\/div><div class=\"aab__accordion_body\" role=\"region\" style=\"background-color:transparent\"><div>\n<p>Land cover and land use (Collection 2\u20131985 to 2024):<\/p>\n\n\n\n<p>For 2024 <a href=\"https:\/\/storage.googleapis.com\/mapbiomas-public\/initiatives\/argentina\/collection-2\/coverage\/argentina_coverage_2024.tif\">https:\/\/storage.googleapis.com\/mapbiomas-public\/initiatives\/argentina\/collection-2\/coverage\/argentina_coverage_2024.tif<\/a><\/p>\n\n\n\n<p><em>For other years, simply change the final year in the link. Available from 1985 to 2024.<\/em><\/p>\n\n\n\n<p>You can check the codes and descriptions of the legend at: <a href=\"https:\/\/argentina.mapbiomas.org\/en\/codigos-de-la-leyenda\/\" target=\"_blank\" rel=\"noreferrer noopener\">https:\/\/argentina.mapbiomas.org\/codigos-de-la-leyenda\/<\/a><\/p>\n<\/div><\/div><\/div><\/div>","protected":false},"excerpt":{"rendered":"<p>Las colecciones de mapas anuales de MapBiomas Argentina es una serie hist\u00f3rica que cubre todo el territorio argentino. La colecci\u00f3n 2 de MapBiomas Argentina tiene datos anuales para el periodo 1985-2024. Cada a\u00f1o, se procesan los datos nuevamente ampliando tanto el per\u00edodo como el n\u00famero de clases mapeadas. Los mapas pueden consultarse de cuatro maneras:<\/p>","protected":false},"author":2,"featured_media":0,"parent":0,"menu_order":0,"comment_status":"closed","ping_status":"closed","template":"","meta":{"_uag_custom_page_level_css":""},"acf":[],"uagb_featured_image_src":{"full":false,"thumbnail":false,"medium":false,"medium_large":false,"large":false,"1536x1536":false,"2048x2048":false,"trp-custom-language-flag":false,"infographic":false,"team":false},"uagb_author_info":{"display_name":"Adriel Fernandes","author_link":"https:\/\/argentina.mapbiomas.org\/en\/author\/adriel-fernandes\/"},"uagb_comment_info":0,"uagb_excerpt":"Las colecciones de mapas anuales de MapBiomas Argentina es una serie hist\u00f3rica que cubre todo el territorio argentino. La colecci\u00f3n 2 de MapBiomas Argentina tiene datos anuales para el periodo 1985-2024. Cada a\u00f1o, se procesan los datos nuevamente ampliando tanto el per\u00edodo como el n\u00famero de clases mapeadas. Los mapas pueden consultarse de cuatro maneras:","_links":{"self":[{"href":"https:\/\/argentina.mapbiomas.org\/en\/wp-json\/wp\/v2\/pages\/351"}],"collection":[{"href":"https:\/\/argentina.mapbiomas.org\/en\/wp-json\/wp\/v2\/pages"}],"about":[{"href":"https:\/\/argentina.mapbiomas.org\/en\/wp-json\/wp\/v2\/types\/page"}],"author":[{"embeddable":true,"href":"https:\/\/argentina.mapbiomas.org\/en\/wp-json\/wp\/v2\/users\/2"}],"replies":[{"embeddable":true,"href":"https:\/\/argentina.mapbiomas.org\/en\/wp-json\/wp\/v2\/comments?post=351"}],"version-history":[{"count":67,"href":"https:\/\/argentina.mapbiomas.org\/en\/wp-json\/wp\/v2\/pages\/351\/revisions"}],"predecessor-version":[{"id":1125,"href":"https:\/\/argentina.mapbiomas.org\/en\/wp-json\/wp\/v2\/pages\/351\/revisions\/1125"}],"wp:attachment":[{"href":"https:\/\/argentina.mapbiomas.org\/en\/wp-json\/wp\/v2\/media?parent=351"}],"curies":[{"name":"wp","href":"https:\/\/api.w.org\/{rel}","templated":true}]}}