{"id":32,"date":"2023-07-24T14:01:31","date_gmt":"2023-07-24T14:01:31","guid":{"rendered":"https:\/\/staging-argentina.mapbiomas.org\/?page_id=32"},"modified":"2025-09-30T13:18:35","modified_gmt":"2025-09-30T13:18:35","slug":"terminos-de-uso","status":"publish","type":"page","link":"https:\/\/argentina.mapbiomas.org\/en\/terminos-de-uso\/","title":{"rendered":"Terms of use"},"content":{"rendered":"<div class=\"wp-block-media-text alignwide has-media-on-the-right is-stacked-on-mobile\" style=\"grid-template-columns:auto 23%\"><div class=\"wp-block-media-text__content\">\n<p><\/p>\n\n\n\n<p style=\"font-size:14px\">MapBiomas data is public, open and free under a Creative Commons license <a rel=\"noreferrer noopener\" href=\"https:\/\/creativecommons.org\/licenses\/by\/4.0\/\" target=\"_blank\">CC-BY<\/a> and referencing the source observing the format below:<\/p>\n\n\n\n<p><\/p>\n<\/div><figure class=\"wp-block-media-text__media\"><img decoding=\"async\" src=\"https:\/\/venezuela.mapbiomas.org\/wp-content\/uploads\/sites\/5\/2024\/10\/CC-BY.png\" alt=\"\" class=\"wp-image-765 size-full\"\/><\/figure><\/div>\n\n\n\n<figure class=\"wp-block-image\"><img alt=\"\"\/><\/figure>\n\n\n\n<p>MapBiomas \u2013 Collection <strong>[version]<\/strong> from the Annual Series of Land Use and Coverage Maps, consulted on <strong>[date]<\/strong> via the link: <strong>[ENLACE]<\/strong>\u00bb<\/p>","protected":false},"excerpt":{"rendered":"<p>Los datos de MapBiomas son p\u00fablicos, abiertos y gratuitos bajo licencia Creative Commons CC-BY y referenciando la fuente observando el formato abajo: \u00abMapBiomas \u2013 Colecci\u00f3n [versi\u00f3n] de la Serie Anual de Mapas de Cobertura y Uso del Suelo, consultada el [fecha] a trav\u00e9s del enlace: [ENLACE]\u00bb<\/p>","protected":false},"author":2,"featured_media":0,"parent":0,"menu_order":0,"comment_status":"closed","ping_status":"closed","template":"","meta":{"_uag_custom_page_level_css":""},"acf":[],"uagb_featured_image_src":{"full":false,"thumbnail":false,"medium":false,"medium_large":false,"large":false,"1536x1536":false,"2048x2048":false,"trp-custom-language-flag":false,"infographic":false,"team":false},"uagb_author_info":{"display_name":"Adriel Fernandes","author_link":"https:\/\/argentina.mapbiomas.org\/en\/author\/adriel-fernandes\/"},"uagb_comment_info":0,"uagb_excerpt":"Los datos de MapBiomas son p\u00fablicos, abiertos y gratuitos bajo licencia Creative Commons CC-BY y referenciando la fuente observando el formato abajo: \u00abMapBiomas \u2013 Colecci\u00f3n [versi\u00f3n] de la Serie Anual de Mapas de Cobertura y Uso del Suelo, consultada el [fecha] a trav\u00e9s del enlace: [ENLACE]\u00bb","_links":{"self":[{"href":"https:\/\/argentina.mapbiomas.org\/en\/wp-json\/wp\/v2\/pages\/32"}],"collection":[{"href":"https:\/\/argentina.mapbiomas.org\/en\/wp-json\/wp\/v2\/pages"}],"about":[{"href":"https:\/\/argentina.mapbiomas.org\/en\/wp-json\/wp\/v2\/types\/page"}],"author":[{"embeddable":true,"href":"https:\/\/argentina.mapbiomas.org\/en\/wp-json\/wp\/v2\/users\/2"}],"replies":[{"embeddable":true,"href":"https:\/\/argentina.mapbiomas.org\/en\/wp-json\/wp\/v2\/comments?post=32"}],"version-history":[{"count":11,"href":"https:\/\/argentina.mapbiomas.org\/en\/wp-json\/wp\/v2\/pages\/32\/revisions"}],"predecessor-version":[{"id":782,"href":"https:\/\/argentina.mapbiomas.org\/en\/wp-json\/wp\/v2\/pages\/32\/revisions\/782"}],"wp:attachment":[{"href":"https:\/\/argentina.mapbiomas.org\/en\/wp-json\/wp\/v2\/media?parent=32"}],"curies":[{"name":"wp","href":"https:\/\/api.w.org\/{rel}","templated":true}]}}