{"id":30,"date":"2023-07-24T14:01:03","date_gmt":"2023-07-24T14:01:03","guid":{"rendered":"https:\/\/staging-argentina.mapbiomas.org\/?page_id=30"},"modified":"2026-03-20T13:44:57","modified_gmt":"2026-03-20T13:44:57","slug":"estadisticas","status":"publish","type":"page","link":"https:\/\/argentina.mapbiomas.org\/en\/estadisticas\/","title":{"rendered":"Statistics"},"content":{"rendered":"<p>Here you can download the statistics database of the maps from <strong>MapBiomas Argentina<\/strong>:<\/p>\n\n\n\n<p>Collection 2: Area data (hectares) of land cover and use and transitions for different territorial cuts: country, province, departments, ecoregions, watersheds and protected areas between 1985 and 2024.<\/p>\n\n\n\n<p><strong><a rel=\"noreferrer noopener\" href=\"https:\/\/storage.googleapis.com\/mapbiomas-public\/initiatives\/argentina\/collection-2\/download\/Estadisticas_cobertura_uso_col2_Argentina.xlsx\" target=\"_blank\">COBERTURA Y USO DEL SUELO ARGENTINA<\/a><\/strong><\/p>\n\n\n\n<h4 class=\"wp-block-heading\"><strong>Land cover and use by ecoregions<\/strong><\/h4>\n\n\n\n<ul>\n<li><a rel=\"noreferrer noopener\" href=\"http:\/\/argentina.mapbiomas.org\/wp-content\/uploads\/sites\/12\/2025\/09\/estadisticas_Altos_Andes_checked.xlsx\" data-type=\"URL\" data-id=\"http:\/\/argentina.mapbiomas.org\/wp-content\/uploads\/sites\/12\/2025\/09\/estadisticas_Altos_Andes_checked.xlsx\" target=\"_blank\">Alt<\/a><a href=\"https:\/\/argentina.mapbiomas.org\/wp-content\/uploads\/sites\/12\/2025\/09\/estadisticas_Altos_Andes_checked_xlsx.zip\" data-type=\"URL\" data-id=\"https:\/\/argentina.mapbiomas.org\/wp-content\/uploads\/sites\/12\/2025\/09\/estadisticas_Altos_Andes_checked_xlsx.zip\" target=\"_blank\" rel=\"noreferrer noopener\">os Andes<\/a><\/li>\n\n\n\n<li><a href=\"https:\/\/argentina.mapbiomas.org\/wp-content\/uploads\/sites\/12\/2025\/09\/estadisticas_Bosques_Patagonicos_checked_xlsx.zip\" data-type=\"URL\" data-id=\"https:\/\/argentina.mapbiomas.org\/wp-content\/uploads\/sites\/12\/2025\/09\/estadisticas_Bosques_Patagonicos_checked_xlsx.zip\" target=\"_blank\" rel=\"noreferrer noopener\">Bosques Patag\u00f3nicos<\/a><\/li>\n\n\n\n<li><a href=\"https:\/\/argentina.mapbiomas.org\/wp-content\/uploads\/sites\/12\/2025\/09\/estadisticas_Campos_y_Malezales_checked_xlsx.zip\" data-type=\"URL\" data-id=\"https:\/\/argentina.mapbiomas.org\/wp-content\/uploads\/sites\/12\/2025\/09\/estadisticas_Campos_y_Malezales_checked_xlsx.zip\" target=\"_blank\" rel=\"noreferrer noopener\">Campos y Mal<\/a><a href=\"https:\/\/argentina.mapbiomas.org\/wp-content\/uploads\/sites\/12\/2025\/09\/estadisticas_Campos_y_Malezales_checked_xlsx.zip\" data-type=\"URL\" data-id=\"https:\/\/argentina.mapbiomas.org\/wp-content\/uploads\/sites\/12\/2025\/09\/estadisticas_Campos_y_Malezales_checked_xlsx.zip\">ezales<\/a><\/li>\n\n\n\n<li><a href=\"https:\/\/argentina.mapbiomas.org\/wp-content\/uploads\/sites\/12\/2025\/09\/estadisticas_Chaco_Humedo_checked_xlsx.zip\" data-type=\"URL\" data-id=\"https:\/\/argentina.mapbiomas.org\/wp-content\/uploads\/sites\/12\/2025\/09\/estadisticas_Chaco_Humedo_checked_xlsx.zip\" target=\"_blank\" rel=\"noreferrer noopener\">Chaco H\u00famedo<\/a><\/li>\n\n\n\n<li><a href=\"https:\/\/argentina.mapbiomas.org\/wp-content\/uploads\/sites\/12\/2025\/09\/estadisticas_Chaco_Seco_checked_xlsx.zip\" data-type=\"URL\" data-id=\"https:\/\/argentina.mapbiomas.org\/wp-content\/uploads\/sites\/12\/2025\/09\/estadisticas_Chaco_Seco_checked_xlsx.zip\" target=\"_blank\" rel=\"noreferrer noopener\">Chaco Seco<\/a><\/li>\n\n\n\n<li><a href=\"https:\/\/argentina.mapbiomas.org\/wp-content\/uploads\/sites\/12\/2025\/09\/estadisticas_Delta_e_Islas_del_Parana_checked_xlsx.zip\" data-type=\"URL\" data-id=\"https:\/\/argentina.mapbiomas.org\/wp-content\/uploads\/sites\/12\/2025\/09\/estadisticas_Delta_e_Islas_del_Parana_checked_xlsx.zip\" target=\"_blank\" rel=\"noreferrer noopener\">Delta e islas del Paran\u00e1<\/a><\/li>\n\n\n\n<li><a href=\"https:\/\/argentina.mapbiomas.org\/wp-content\/uploads\/sites\/12\/2025\/09\/estadisticas_Espinal_checked_xlsx.zip\" data-type=\"URL\" data-id=\"https:\/\/argentina.mapbiomas.org\/wp-content\/uploads\/sites\/12\/2025\/09\/estadisticas_Espinal_checked_xlsx.zip\" target=\"_blank\" rel=\"noreferrer noopener\">Espinal<\/a><\/li>\n\n\n\n<li><a href=\"https:\/\/argentina.mapbiomas.org\/wp-content\/uploads\/sites\/12\/2025\/09\/estadisticas_Estepa_Patagonica_checked_xlsx.zip\" data-type=\"URL\" data-id=\"https:\/\/argentina.mapbiomas.org\/wp-content\/uploads\/sites\/12\/2025\/09\/estadisticas_Estepa_Patagonica_checked_xlsx.zip\" target=\"_blank\" rel=\"noreferrer noopener\">Estepa Patag\u00f3nica<\/a><\/li>\n\n\n\n<li><a href=\"https:\/\/argentina.mapbiomas.org\/wp-content\/uploads\/sites\/12\/2025\/09\/estadisticas_Esteros_del_Ibera_checked_xlsx.zip\" data-type=\"URL\" data-id=\"https:\/\/argentina.mapbiomas.org\/wp-content\/uploads\/sites\/12\/2025\/09\/estadisticas_Esteros_del_Ibera_checked_xlsx.zip\" target=\"_blank\" rel=\"noreferrer noopener\">Esteros del Iber\u00e1<\/a><\/li>\n\n\n\n<li><a href=\"https:\/\/argentina.mapbiomas.org\/wp-content\/uploads\/sites\/12\/2025\/09\/estadisticas_Islas_del_Atlantico_Sur_xlsx.zip\" data-type=\"URL\" data-id=\"https:\/\/argentina.mapbiomas.org\/wp-content\/uploads\/sites\/12\/2025\/09\/estadisticas_Islas_del_Atlantico_Sur_xlsx.zip\" target=\"_blank\" rel=\"noreferrer noopener\">Islas del Atl\u00e1ntico Sur<\/a><\/li>\n\n\n\n<li><a href=\"https:\/\/argentina.mapbiomas.org\/wp-content\/uploads\/sites\/12\/2025\/09\/estadisticas_Monte_de_Llanuras_y_Mesetas_checked_xlsx.zip\" data-type=\"URL\" data-id=\"https:\/\/argentina.mapbiomas.org\/wp-content\/uploads\/sites\/12\/2025\/09\/estadisticas_Monte_de_Llanuras_y_Mesetas_checked_xlsx.zip\" target=\"_blank\" rel=\"noreferrer noopener\">Monte de Llanura y Mesetas<\/a><\/li>\n\n\n\n<li><a href=\"https:\/\/argentina.mapbiomas.org\/wp-content\/uploads\/sites\/12\/2025\/09\/estadisticas_Monte_de_Sierras_y_Bolsones_checked_xlsx.zip\" data-type=\"URL\" data-id=\"https:\/\/argentina.mapbiomas.org\/wp-content\/uploads\/sites\/12\/2025\/09\/estadisticas_Monte_de_Sierras_y_Bolsones_checked_xlsx.zip\" target=\"_blank\" rel=\"noreferrer noopener\">Monte de Sierras y Bolsones<\/a><\/li>\n\n\n\n<li><a href=\"https:\/\/argentina.mapbiomas.org\/wp-content\/uploads\/sites\/12\/2025\/09\/estadisticas_Pampa_checked_xlsx.zip\" data-type=\"URL\" data-id=\"https:\/\/argentina.mapbiomas.org\/wp-content\/uploads\/sites\/12\/2025\/09\/estadisticas_Pampa_checked_xlsx.zip\" target=\"_blank\" rel=\"noreferrer noopener\">Pampas<\/a><\/li>\n\n\n\n<li><a href=\"https:\/\/argentina.mapbiomas.org\/wp-content\/uploads\/sites\/12\/2025\/09\/estadisticas_Puna_checked_xlsx.zip\" data-type=\"URL\" data-id=\"https:\/\/argentina.mapbiomas.org\/wp-content\/uploads\/sites\/12\/2025\/09\/estadisticas_Puna_checked_xlsx.zip\" target=\"_blank\" rel=\"noreferrer noopener\">Puna<\/a><\/li>\n\n\n\n<li><a href=\"https:\/\/argentina.mapbiomas.org\/wp-content\/uploads\/sites\/12\/2025\/09\/estadisticas_Selva_Paranense_checked_xlsx.zip\" data-type=\"URL\" data-id=\"https:\/\/argentina.mapbiomas.org\/wp-content\/uploads\/sites\/12\/2025\/09\/estadisticas_Selva_Paranense_checked_xlsx.zip\" target=\"_blank\" rel=\"noreferrer noopener\">Selva Paranaense<\/a><\/li>\n\n\n\n<li><a href=\"https:\/\/argentina.mapbiomas.org\/wp-content\/uploads\/sites\/12\/2025\/09\/estadisticas_Yungas_checked_xlsx.zip\" data-type=\"URL\" data-id=\"https:\/\/argentina.mapbiomas.org\/wp-content\/uploads\/sites\/12\/2025\/09\/estadisticas_Yungas_checked_xlsx.zip\" target=\"_blank\" rel=\"noreferrer noopener\">Yungas<\/a><\/li>\n\n\n\n<li><a href=\"https:\/\/argentina.mapbiomas.org\/wp-content\/uploads\/sites\/12\/2025\/09\/consolidado_ecorregiones_final_xlsx.zip\" data-type=\"URL\" data-id=\"https:\/\/argentina.mapbiomas.org\/wp-content\/uploads\/sites\/12\/2025\/09\/consolidado_ecorregiones_final_xlsx.zip\" target=\"_blank\" rel=\"noreferrer noopener\">Consolidado ecorregiones-Nivel 1<\/a><\/li>\n<\/ul>\n\n\n\n<h4 class=\"wp-block-heading\"><strong>Land cover and use by province<\/strong><\/h4>\n\n\n\n<ul>\n<li><a href=\"https:\/\/argentina.mapbiomas.org\/wp-content\/uploads\/sites\/12\/2025\/09\/estadisticas_Buenos_Aires_xlsx.zip\" data-type=\"URL\" data-id=\"https:\/\/argentina.mapbiomas.org\/wp-content\/uploads\/sites\/12\/2025\/09\/estadisticas_Buenos_Aires_xlsx.zip\" target=\"_blank\" rel=\"noreferrer noopener\">Buenos Aires<\/a><\/li>\n\n\n\n<li><a href=\"https:\/\/argentina.mapbiomas.org\/wp-content\/uploads\/sites\/12\/2025\/09\/estadisticas_Catamarca_xlsx.zip\" data-type=\"URL\" data-id=\"https:\/\/argentina.mapbiomas.org\/wp-content\/uploads\/sites\/12\/2025\/09\/estadisticas_Catamarca_xlsx.zip\" target=\"_blank\" rel=\"noreferrer noopener\">Catamarca<\/a><\/li>\n\n\n\n<li><a href=\"https:\/\/argentina.mapbiomas.org\/wp-content\/uploads\/sites\/12\/2025\/09\/estadisticas_Chaco_xlsx.zip\" data-type=\"URL\" data-id=\"https:\/\/argentina.mapbiomas.org\/wp-content\/uploads\/sites\/12\/2025\/09\/estadisticas_Chaco_xlsx.zip\" target=\"_blank\" rel=\"noreferrer noopener\">Chaco<\/a><\/li>\n\n\n\n<li><a href=\"https:\/\/argentina.mapbiomas.org\/wp-content\/uploads\/sites\/12\/2025\/09\/estadisticas_Chubut_xlsx.zip\" data-type=\"URL\" data-id=\"https:\/\/argentina.mapbiomas.org\/wp-content\/uploads\/sites\/12\/2025\/09\/estadisticas_Chubut_xlsx.zip\" target=\"_blank\" rel=\"noreferrer noopener\">Chubut<\/a><\/li>\n\n\n\n<li><a href=\"https:\/\/argentina.mapbiomas.org\/wp-content\/uploads\/sites\/12\/2025\/09\/estadisticas_Ciudad_Autonoma_de_Buenos_Aires_xlsx.zip\" data-type=\"URL\" data-id=\"https:\/\/argentina.mapbiomas.org\/wp-content\/uploads\/sites\/12\/2025\/09\/estadisticas_Ciudad_Autonoma_de_Buenos_Aires_xlsx.zip\" target=\"_blank\" rel=\"noreferrer noopener\">CABA<\/a><\/li>\n\n\n\n<li><a href=\"https:\/\/argentina.mapbiomas.org\/wp-content\/uploads\/sites\/12\/2025\/09\/estadisticas_Cordoba_xlsx.zip\" data-type=\"URL\" data-id=\"https:\/\/argentina.mapbiomas.org\/wp-content\/uploads\/sites\/12\/2025\/09\/estadisticas_Cordoba_xlsx.zip\" target=\"_blank\" rel=\"noreferrer noopener\">C\u00f3rdoba<\/a><\/li>\n\n\n\n<li><a href=\"https:\/\/argentina.mapbiomas.org\/wp-content\/uploads\/sites\/12\/2025\/09\/estadisticas_Corrientes_xlsx.zip\" data-type=\"URL\" data-id=\"https:\/\/argentina.mapbiomas.org\/wp-content\/uploads\/sites\/12\/2025\/09\/estadisticas_Corrientes_xlsx.zip\" target=\"_blank\" rel=\"noreferrer noopener\">Corrientes<\/a><\/li>\n\n\n\n<li><a href=\"https:\/\/argentina.mapbiomas.org\/wp-content\/uploads\/sites\/12\/2025\/09\/estadisticas_Entre_Rios_xlsx.zip\" data-type=\"URL\" data-id=\"https:\/\/argentina.mapbiomas.org\/wp-content\/uploads\/sites\/12\/2025\/09\/estadisticas_Entre_Rios_xlsx.zip\" target=\"_blank\" rel=\"noreferrer noopener\">Entre R\u00edos<\/a><\/li>\n\n\n\n<li><a href=\"https:\/\/argentina.mapbiomas.org\/wp-content\/uploads\/sites\/12\/2025\/09\/estadisticas_Formosa_xlsx.zip\" data-type=\"URL\" data-id=\"https:\/\/argentina.mapbiomas.org\/wp-content\/uploads\/sites\/12\/2025\/09\/estadisticas_Formosa_xlsx.zip\" target=\"_blank\" rel=\"noreferrer noopener\">Formosa<\/a><\/li>\n\n\n\n<li><a href=\"https:\/\/argentina.mapbiomas.org\/wp-content\/uploads\/sites\/12\/2025\/09\/estadisticas_Jujuy_xlsx.zip\" data-type=\"URL\" data-id=\"https:\/\/argentina.mapbiomas.org\/wp-content\/uploads\/sites\/12\/2025\/09\/estadisticas_Jujuy_xlsx.zip\" target=\"_blank\" rel=\"noreferrer noopener\">Jujuy<\/a><\/li>\n\n\n\n<li><a href=\"https:\/\/argentina.mapbiomas.org\/wp-content\/uploads\/sites\/12\/2025\/09\/estadisticas_La_Pampa_xlsx.zip\" data-type=\"URL\" data-id=\"https:\/\/argentina.mapbiomas.org\/wp-content\/uploads\/sites\/12\/2025\/09\/estadisticas_La_Pampa_xlsx.zip\" target=\"_blank\" rel=\"noreferrer noopener\">La Pampa<\/a><\/li>\n\n\n\n<li><a href=\"https:\/\/argentina.mapbiomas.org\/wp-content\/uploads\/sites\/12\/2025\/09\/estadisticas_La_Rioja_xlsx.zip\" data-type=\"URL\" data-id=\"https:\/\/argentina.mapbiomas.org\/wp-content\/uploads\/sites\/12\/2025\/09\/estadisticas_La_Rioja_xlsx.zip\" target=\"_blank\" rel=\"noreferrer noopener\">La Rioja<\/a><\/li>\n\n\n\n<li><a href=\"https:\/\/argentina.mapbiomas.org\/wp-content\/uploads\/sites\/12\/2025\/09\/estadisticas_Mendoza_xlsx.zip\" data-type=\"URL\" data-id=\"https:\/\/argentina.mapbiomas.org\/wp-content\/uploads\/sites\/12\/2025\/09\/estadisticas_Mendoza_xlsx.zip\" target=\"_blank\" rel=\"noreferrer noopener\">Mendoza<\/a><\/li>\n\n\n\n<li><a href=\"https:\/\/argentina.mapbiomas.org\/wp-content\/uploads\/sites\/12\/2025\/09\/estadisticas_Misiones_xlsx.zip\" data-type=\"URL\" data-id=\"https:\/\/argentina.mapbiomas.org\/wp-content\/uploads\/sites\/12\/2025\/09\/estadisticas_Misiones_xlsx.zip\" target=\"_blank\" rel=\"noreferrer noopener\">Misiones<\/a><\/li>\n\n\n\n<li><a href=\"https:\/\/argentina.mapbiomas.org\/wp-content\/uploads\/sites\/12\/2025\/09\/estadisticas_Neuquen_xlsx.zip\" data-type=\"URL\" data-id=\"https:\/\/argentina.mapbiomas.org\/wp-content\/uploads\/sites\/12\/2025\/09\/estadisticas_Neuquen_xlsx.zip\" target=\"_blank\" rel=\"noreferrer noopener\">Neuqu\u00e9n<\/a><\/li>\n\n\n\n<li><a href=\"https:\/\/argentina.mapbiomas.org\/wp-content\/uploads\/sites\/12\/2025\/09\/estadisticas_Rio_Negro_xlsx.zip\" data-type=\"URL\" data-id=\"https:\/\/argentina.mapbiomas.org\/wp-content\/uploads\/sites\/12\/2025\/09\/estadisticas_Rio_Negro_xlsx.zip\" target=\"_blank\" rel=\"noreferrer noopener\">Rio Negro<\/a><\/li>\n\n\n\n<li><a href=\"https:\/\/argentina.mapbiomas.org\/wp-content\/uploads\/sites\/12\/2025\/09\/estadisticas_Salta_xlsx.zip\" data-type=\"URL\" data-id=\"https:\/\/argentina.mapbiomas.org\/wp-content\/uploads\/sites\/12\/2025\/09\/estadisticas_Salta_xlsx.zip\" target=\"_blank\" rel=\"noreferrer noopener\">Salta<\/a><\/li>\n\n\n\n<li><a href=\"https:\/\/argentina.mapbiomas.org\/wp-content\/uploads\/sites\/12\/2025\/09\/estadisticas_San_Juan_xlsx.zip\" data-type=\"URL\" data-id=\"https:\/\/argentina.mapbiomas.org\/wp-content\/uploads\/sites\/12\/2025\/09\/estadisticas_San_Juan_xlsx.zip\" target=\"_blank\" rel=\"noreferrer noopener\">San Juan<\/a><\/li>\n\n\n\n<li><a href=\"https:\/\/argentina.mapbiomas.org\/wp-content\/uploads\/sites\/12\/2025\/09\/estadisticas_San_Luis_xlsx.zip\" data-type=\"URL\" data-id=\"https:\/\/argentina.mapbiomas.org\/wp-content\/uploads\/sites\/12\/2025\/09\/estadisticas_San_Luis_xlsx.zip\" target=\"_blank\" rel=\"noreferrer noopener\">San Luis<\/a><\/li>\n\n\n\n<li><a href=\"https:\/\/argentina.mapbiomas.org\/wp-content\/uploads\/sites\/12\/2025\/09\/estadisticas_Santa_Cruz_xlsx.zip\" data-type=\"URL\" data-id=\"https:\/\/argentina.mapbiomas.org\/wp-content\/uploads\/sites\/12\/2025\/09\/estadisticas_Santa_Cruz_xlsx.zip\" target=\"_blank\" rel=\"noreferrer noopener\">Santa Cruz<\/a><\/li>\n\n\n\n<li><a href=\"https:\/\/argentina.mapbiomas.org\/wp-content\/uploads\/sites\/12\/2025\/09\/estadisticas_Santa_Fe_xlsx.zip\" data-type=\"URL\" data-id=\"https:\/\/argentina.mapbiomas.org\/wp-content\/uploads\/sites\/12\/2025\/09\/estadisticas_Santa_Fe_xlsx.zip\" target=\"_blank\" rel=\"noreferrer noopener\">Santa Fe<\/a><\/li>\n\n\n\n<li><a href=\"https:\/\/argentina.mapbiomas.org\/wp-content\/uploads\/sites\/12\/2025\/09\/estadisticas_Santiago_del_Estero_xlsx.zip\" data-type=\"URL\" data-id=\"https:\/\/argentina.mapbiomas.org\/wp-content\/uploads\/sites\/12\/2025\/09\/estadisticas_Santiago_del_Estero_xlsx.zip\" target=\"_blank\" rel=\"noreferrer noopener\">Santiago del Estero<\/a><\/li>\n\n\n\n<li><a href=\"https:\/\/argentina.mapbiomas.org\/wp-content\/uploads\/sites\/12\/2025\/09\/estadisticas_Tierra_del_Fuego_Antartida_e_Islas_del_Atlantico_Sur_xlsx.zip\" data-type=\"URL\" data-id=\"https:\/\/argentina.mapbiomas.org\/wp-content\/uploads\/sites\/12\/2025\/09\/estadisticas_Tierra_del_Fuego_Antartida_e_Islas_del_Atlantico_Sur_xlsx.zip\" target=\"_blank\" rel=\"noreferrer noopener\">Tierra del Fuego, Ant\u00e1rtida e Islas del Atl\u00e1ntico Sur<\/a><\/li>\n\n\n\n<li><a href=\"https:\/\/argentina.mapbiomas.org\/wp-content\/uploads\/sites\/12\/2025\/09\/estadisticas_Tucuman_xlsx.zip\" data-type=\"URL\" data-id=\"https:\/\/argentina.mapbiomas.org\/wp-content\/uploads\/sites\/12\/2025\/09\/estadisticas_Tucuman_xlsx.zip\" target=\"_blank\" rel=\"noreferrer noopener\">Tucum\u00e1n<\/a><\/li>\n<\/ul>\n\n\n\n<h4 class=\"wp-block-heading\"><strong>Land cover and use by national protected areas<\/strong><\/h4>\n\n\n\n<ul>\n<li><a rel=\"noreferrer noopener\" href=\"https:\/\/argentina.mapbiomas.org\/wp-content\/uploads\/sites\/12\/2025\/09\/Estadisticas_Areas_protegidas_xlsx.zip\" data-type=\"URL\" data-id=\"https:\/\/argentina.mapbiomas.org\/wp-content\/uploads\/sites\/12\/2025\/09\/Estadisticas_Areas_protegidas_xlsx.zip\" target=\"_blank\">Land cover and use by national protected areas<\/a><\/li>\n<\/ul>\n\n\n\n<div class=\"wp-block-uagb-advanced-heading uagb-block-3994a6c1\"><h4 class=\"uagb-heading-text\"><strong>Land cover and use by international protected areas<\/strong><\/h4><\/div>\n\n\n\n<p><\/p>\n\n\n\n<ul>\n<li><a href=\"http:\/\/argentina.mapbiomas.org\/wp-content\/uploads\/sites\/12\/2026\/03\/Estadisticas_Areas_protegidas_internacionales-1.xlsx\" target=\"_blank\" rel=\"noreferrer noopener\">Land cover and use by international protected areas<\/a><\/li>\n\n\n\n<li><\/li>\n<\/ul>","protected":false},"excerpt":{"rendered":"<p>Aqu\u00ed puede descargar la base de datos de estad\u00edsticas de los mapas de MapBiomas Argentina: Colecci\u00f3n 2: datos de \u00e1rea (hect\u00e1reas) de cobertura y uso del suelo y transiciones para distintos recortes territoriales: pa\u00eds, provincia, departamentos, ecorregiones, cuencas hidrogr\u00e1ficas y \u00e1reas protegidas entre 1985 al 2024. COBERTURA Y USO DEL SUELO ARGENTINA Cobertura y uso [&hellip;]<\/p>","protected":false},"author":2,"featured_media":0,"parent":0,"menu_order":0,"comment_status":"closed","ping_status":"closed","template":"","meta":{"_uag_custom_page_level_css":""},"acf":[],"uagb_featured_image_src":{"full":false,"thumbnail":false,"medium":false,"medium_large":false,"large":false,"1536x1536":false,"2048x2048":false,"trp-custom-language-flag":false,"infographic":false,"team":false},"uagb_author_info":{"display_name":"Adriel Fernandes","author_link":"https:\/\/argentina.mapbiomas.org\/en\/author\/adriel-fernandes\/"},"uagb_comment_info":0,"uagb_excerpt":"Aqu\u00ed puede descargar la base de datos de estad\u00edsticas de los mapas de MapBiomas Argentina: Colecci\u00f3n 2: datos de \u00e1rea (hect\u00e1reas) de cobertura y uso del suelo y transiciones para distintos recortes territoriales: pa\u00eds, provincia, departamentos, ecorregiones, cuencas hidrogr\u00e1ficas y \u00e1reas protegidas entre 1985 al 2024. COBERTURA Y USO DEL SUELO ARGENTINA Cobertura y uso&hellip;","_links":{"self":[{"href":"https:\/\/argentina.mapbiomas.org\/en\/wp-json\/wp\/v2\/pages\/30"}],"collection":[{"href":"https:\/\/argentina.mapbiomas.org\/en\/wp-json\/wp\/v2\/pages"}],"about":[{"href":"https:\/\/argentina.mapbiomas.org\/en\/wp-json\/wp\/v2\/types\/page"}],"author":[{"embeddable":true,"href":"https:\/\/argentina.mapbiomas.org\/en\/wp-json\/wp\/v2\/users\/2"}],"replies":[{"embeddable":true,"href":"https:\/\/argentina.mapbiomas.org\/en\/wp-json\/wp\/v2\/comments?post=30"}],"version-history":[{"count":25,"href":"https:\/\/argentina.mapbiomas.org\/en\/wp-json\/wp\/v2\/pages\/30\/revisions"}],"predecessor-version":[{"id":1150,"href":"https:\/\/argentina.mapbiomas.org\/en\/wp-json\/wp\/v2\/pages\/30\/revisions\/1150"}],"wp:attachment":[{"href":"https:\/\/argentina.mapbiomas.org\/en\/wp-json\/wp\/v2\/media?parent=30"}],"curies":[{"name":"wp","href":"https:\/\/api.w.org\/{rel}","templated":true}]}}