{"id":28,"date":"2023-07-24T14:00:48","date_gmt":"2023-07-24T14:00:48","guid":{"rendered":"https:\/\/staging-argentina.mapbiomas.org\/?page_id=28"},"modified":"2024-05-02T19:55:01","modified_gmt":"2024-05-02T19:55:01","slug":"descargas","status":"publish","type":"page","link":"https:\/\/argentina.mapbiomas.org\/en\/descargas\/","title":{"rendered":"Downloads"},"content":{"rendered":"<p>Download maps, statistical data, mosaics of Landsat images, codes and description of the mapped classes, and other data and communication materials from MapBiomas Argentina here:<\/p>","protected":false},"excerpt":{"rendered":"<p>Download maps, statistical data, mosaics of Landsat images, codes and description of the mapped classes, and other data and communication materials from MapBiomas Argentina here:<\/p>","protected":false},"author":2,"featured_media":0,"parent":0,"menu_order":0,"comment_status":"closed","ping_status":"closed","template":"page_download.php","meta":{"_uag_custom_page_level_css":""},"acf":[],"uagb_featured_image_src":{"full":false,"thumbnail":false,"medium":false,"medium_large":false,"large":false,"1536x1536":false,"2048x2048":false,"trp-custom-language-flag":false,"infographic":false,"team":false},"uagb_author_info":{"display_name":"Adriel Fernandes","author_link":"https:\/\/argentina.mapbiomas.org\/en\/author\/adriel-fernandes\/"},"uagb_comment_info":0,"uagb_excerpt":"Descargue aqu\u00ed mapas, datos estad\u00edsticos, mosaicos de im\u00e1genes Landsat, c\u00f3digos y descripci\u00f3n de las clases mapeadas, entre otros datos y materiales de comunicaci\u00f3n de MapBiomas Argentina","_links":{"self":[{"href":"https:\/\/argentina.mapbiomas.org\/en\/wp-json\/wp\/v2\/pages\/28"}],"collection":[{"href":"https:\/\/argentina.mapbiomas.org\/en\/wp-json\/wp\/v2\/pages"}],"about":[{"href":"https:\/\/argentina.mapbiomas.org\/en\/wp-json\/wp\/v2\/types\/page"}],"author":[{"embeddable":true,"href":"https:\/\/argentina.mapbiomas.org\/en\/wp-json\/wp\/v2\/users\/2"}],"replies":[{"embeddable":true,"href":"https:\/\/argentina.mapbiomas.org\/en\/wp-json\/wp\/v2\/comments?post=28"}],"version-history":[{"count":2,"href":"https:\/\/argentina.mapbiomas.org\/en\/wp-json\/wp\/v2\/pages\/28\/revisions"}],"predecessor-version":[{"id":343,"href":"https:\/\/argentina.mapbiomas.org\/en\/wp-json\/wp\/v2\/pages\/28\/revisions\/343"}],"wp:attachment":[{"href":"https:\/\/argentina.mapbiomas.org\/en\/wp-json\/wp\/v2\/media?parent=28"}],"curies":[{"name":"wp","href":"https:\/\/api.w.org\/{rel}","templated":true}]}}