{"id":18,"date":"2023-07-24T13:59:58","date_gmt":"2023-07-24T13:59:58","guid":{"rendered":"https:\/\/staging-argentina.mapbiomas.org\/?page_id=18"},"modified":"2026-03-20T14:16:26","modified_gmt":"2026-03-20T14:16:26","slug":"lanzamientos","status":"publish","type":"page","link":"https:\/\/argentina.mapbiomas.org\/en\/lanzamientos\/","title":{"rendered":"Releases"},"content":{"rendered":"<p><strong>MapBiomas Argentina<\/strong> brings together specialists from the country's various ecoregions, focusing on topics such as remote sensing, ecology, geographic information systems (GIS), and programming, focused on producing annual maps of land cover and use in Argentina from 1985 onward. We are a constantly growing collaborative network of NGOs, universities, and research institutes. Each year, the data is processed, improving the quality of the maps both by expanding the time period analyzed and by increasing the number of mapped classes.<\/p>\n\n\n\n<p><strong>Lanzamiento MapBiomas Argentina Colecci\u00f3n <\/strong>2<\/p>\n\n\n\n<figure class=\"wp-block-embed is-type-video is-provider-youtube wp-block-embed-youtube wp-embed-aspect-16-9 wp-has-aspect-ratio\"><div class=\"wp-block-embed__wrapper\">\n<iframe loading=\"lazy\" title=\"Evento Lanzamiento Colecci\u00f3n 2 - MapBiomas Argentina\" width=\"500\" height=\"281\" src=\"https:\/\/www.youtube.com\/embed\/dGMT3wVjEUM?feature=oembed\" frameborder=\"0\" allow=\"accelerometer; autoplay; clipboard-write; encrypted-media; gyroscope; picture-in-picture; web-share\" referrerpolicy=\"strict-origin-when-cross-origin\" allowfullscreen><\/iframe>\n<\/div><\/figure>\n\n\n\n<h4 class=\"wp-block-heading\"><strong>Launch of MapBiomas Argentina Collection 1<\/strong><\/h4>\n\n\n\n<figure class=\"wp-block-embed is-type-video is-provider-youtube wp-block-embed-youtube wp-embed-aspect-16-9 wp-has-aspect-ratio\"><div class=\"wp-block-embed__wrapper\">\n<iframe loading=\"lazy\" title=\"Lanzamiento MapBiomas Argentina\" width=\"500\" height=\"281\" src=\"https:\/\/www.youtube.com\/embed\/4GRYkWqFebw?feature=oembed\" frameborder=\"0\" allow=\"accelerometer; autoplay; clipboard-write; encrypted-media; gyroscope; picture-in-picture; web-share\" referrerpolicy=\"strict-origin-when-cross-origin\" allowfullscreen><\/iframe>\n<\/div><\/figure>","protected":false},"excerpt":{"rendered":"<p>MapBiomas Argentina re\u00fane especialistas de las distintas ecorregiones del pa\u00eds, en temas como teledetecci\u00f3n, ecolog\u00eda, sistemas de informaci\u00f3n geogr\u00e1fica (SIG) y programaci\u00f3n, focalizados en producir mapas anuales de cobertura y uso del suelo de Argentina desde 1985 en adelante. Somos una red de colaboraci\u00f3n entre ONGs, universidades e institutos de investigaci\u00f3n en constante crecimiento. Cada [&hellip;]<\/p>","protected":false},"author":2,"featured_media":0,"parent":0,"menu_order":0,"comment_status":"closed","ping_status":"closed","template":"page_release.php","meta":{"_uag_custom_page_level_css":""},"acf":[],"uagb_featured_image_src":{"full":false,"thumbnail":false,"medium":false,"medium_large":false,"large":false,"1536x1536":false,"2048x2048":false,"trp-custom-language-flag":false,"infographic":false,"team":false},"uagb_author_info":{"display_name":"Adriel Fernandes","author_link":"https:\/\/argentina.mapbiomas.org\/en\/author\/adriel-fernandes\/"},"uagb_comment_info":0,"uagb_excerpt":"MapBiomas Argentina re\u00fane especialistas de las distintas ecorregiones del pa\u00eds, en temas como teledetecci\u00f3n, ecolog\u00eda, sistemas de informaci\u00f3n geogr\u00e1fica (SIG) y programaci\u00f3n, focalizados en producir mapas anuales de cobertura y uso del suelo de Argentina desde 1985 en adelante. Somos una red de colaboraci\u00f3n entre ONGs, universidades e institutos de investigaci\u00f3n en constante crecimiento. Cada&hellip;","_links":{"self":[{"href":"https:\/\/argentina.mapbiomas.org\/en\/wp-json\/wp\/v2\/pages\/18"}],"collection":[{"href":"https:\/\/argentina.mapbiomas.org\/en\/wp-json\/wp\/v2\/pages"}],"about":[{"href":"https:\/\/argentina.mapbiomas.org\/en\/wp-json\/wp\/v2\/types\/page"}],"author":[{"embeddable":true,"href":"https:\/\/argentina.mapbiomas.org\/en\/wp-json\/wp\/v2\/users\/2"}],"replies":[{"embeddable":true,"href":"https:\/\/argentina.mapbiomas.org\/en\/wp-json\/wp\/v2\/comments?post=18"}],"version-history":[{"count":8,"href":"https:\/\/argentina.mapbiomas.org\/en\/wp-json\/wp\/v2\/pages\/18\/revisions"}],"predecessor-version":[{"id":1154,"href":"https:\/\/argentina.mapbiomas.org\/en\/wp-json\/wp\/v2\/pages\/18\/revisions\/1154"}],"wp:attachment":[{"href":"https:\/\/argentina.mapbiomas.org\/en\/wp-json\/wp\/v2\/media?parent=18"}],"curies":[{"name":"wp","href":"https:\/\/api.w.org\/{rel}","templated":true}]}}